{"id":9739,"date":"2022-03-30T14:32:38","date_gmt":"2022-03-30T14:32:38","guid":{"rendered":"https:\/\/sage.com.uy\/?post_type=product&#038;p=9739"},"modified":"2025-12-15T14:44:26","modified_gmt":"2025-12-15T17:44:26","slug":"mochila-sumax-sm-1901","status":"publish","type":"product","link":"https:\/\/sage.com.uy\/?product=mochila-sumax-sm-1901","title":{"rendered":"Mochila Sumax SM-1901"},"content":{"rendered":"<p><strong>Mochila de pesca SM-1901 Sumax Fishing, fabricada con materia prima de alta calidad, esta mochila fue especialmente desarrollada pensando en el pescador, con varios compartimentos especiales para quienes practican la pesca.<\/strong><br \/>\n<strong>Tiene un bolsillo r\u00edgido en la parte delantera para guardar los anteojos y en los dos portaobjetos superiores con cierre de velcro que se puede desmontar, viene con tres estuches de pl\u00e1stico para se\u00f1uelos y en el exterior un soporte para alicates. Sus asas est\u00e1n acolchadas para mayor comodidad y tambi\u00e9n tiene una correa para la mano superior.<\/strong><\/p>\n<p><strong>MEDIDAS: 40 x 30 x 48 cm<\/strong><br \/>\n<strong>INCLUYE 3 ORGANIZADORES PARA SE\u00d1UELOS\u00a0<\/strong><\/p>\n","protected":false},"excerpt":{"rendered":"<p>Mochila de pesca SM-1901 Sumax Fishing, fabricada con materia prima de alta calidad, esta mochila fue especialmente desarrollada pensando en el pescador, con varios compartimentos especiales para quienes practican la pesca. Tiene un bolsillo r\u00edgido en la parte delantera para guardar los anteojos y en los dos portaobjetos superiores con cierre de velcro que se [&hellip;]<\/p>\n","protected":false},"featured_media":9740,"comment_status":"open","ping_status":"closed","template":"","meta":{"om_disable_all_campaigns":false,"_monsterinsights_skip_tracking":false,"_monsterinsights_sitenote_active":false,"_monsterinsights_sitenote_note":"","_monsterinsights_sitenote_category":0,"_uf_show_specific_survey":0,"_uf_disable_surveys":false,"ocean_post_layout":"","ocean_both_sidebars_style":"","ocean_both_sidebars_content_width":0,"ocean_both_sidebars_sidebars_width":0,"ocean_sidebar":"0","ocean_second_sidebar":"0","ocean_disable_margins":"enable","ocean_add_body_class":"","ocean_shortcode_before_top_bar":"","ocean_shortcode_after_top_bar":"","ocean_shortcode_before_header":"","ocean_shortcode_after_header":"","ocean_has_shortcode":"","ocean_shortcode_after_title":"","ocean_shortcode_before_footer_widgets":"","ocean_shortcode_after_footer_widgets":"","ocean_shortcode_before_footer_bottom":"","ocean_shortcode_after_footer_bottom":"","ocean_display_top_bar":"default","ocean_display_header":"default","ocean_header_style":"","ocean_center_header_left_menu":"0","ocean_custom_header_template":"0","ocean_custom_logo":0,"ocean_custom_retina_logo":0,"ocean_custom_logo_max_width":0,"ocean_custom_logo_tablet_max_width":0,"ocean_custom_logo_mobile_max_width":0,"ocean_custom_logo_max_height":0,"ocean_custom_logo_tablet_max_height":0,"ocean_custom_logo_mobile_max_height":0,"ocean_header_custom_menu":"0","ocean_menu_typo_font_family":"0","ocean_menu_typo_font_subset":"","ocean_menu_typo_font_size":0,"ocean_menu_typo_font_size_tablet":0,"ocean_menu_typo_font_size_mobile":0,"ocean_menu_typo_font_size_unit":"px","ocean_menu_typo_font_weight":"","ocean_menu_typo_font_weight_tablet":"","ocean_menu_typo_font_weight_mobile":"","ocean_menu_typo_transform":"","ocean_menu_typo_transform_tablet":"","ocean_menu_typo_transform_mobile":"","ocean_menu_typo_line_height":0,"ocean_menu_typo_line_height_tablet":0,"ocean_menu_typo_line_height_mobile":0,"ocean_menu_typo_line_height_unit":"","ocean_menu_typo_spacing":0,"ocean_menu_typo_spacing_tablet":0,"ocean_menu_typo_spacing_mobile":0,"ocean_menu_typo_spacing_unit":"","ocean_menu_link_color":"","ocean_menu_link_color_hover":"","ocean_menu_link_color_active":"","ocean_menu_link_background":"","ocean_menu_link_hover_background":"","ocean_menu_link_active_background":"","ocean_menu_social_links_bg":"","ocean_menu_social_hover_links_bg":"","ocean_menu_social_links_color":"","ocean_menu_social_hover_links_color":"","ocean_disable_title":"default","ocean_disable_heading":"default","ocean_post_title":"","ocean_post_subheading":"","ocean_post_title_style":"","ocean_post_title_background_color":"","ocean_post_title_background":0,"ocean_post_title_bg_image_position":"","ocean_post_title_bg_image_attachment":"","ocean_post_title_bg_image_repeat":"","ocean_post_title_bg_image_size":"","ocean_post_title_height":0,"ocean_post_title_bg_overlay":0.5,"ocean_post_title_bg_overlay_color":"","ocean_disable_breadcrumbs":"default","ocean_breadcrumbs_color":"","ocean_breadcrumbs_separator_color":"","ocean_breadcrumbs_links_color":"","ocean_breadcrumbs_links_hover_color":"","ocean_display_footer_widgets":"default","ocean_display_footer_bottom":"default","ocean_custom_footer_template":"0"},"product_brand":[],"product_cat":[23,24],"product_tag":[26,44,33],"class_list":{"0":"post-9739","1":"product","2":"type-product","3":"status-publish","4":"has-post-thumbnail","6":"product_cat-accesorios","7":"product_cat-bolsos-y-cajas-de-pesca","8":"product_tag-bolso","9":"product_tag-mochila","10":"product_tag-sumax","12":"entry","13":"has-media","15":"first","16":"instock","17":"shipping-taxable","18":"purchasable","19":"product-type-simple","20":"has-product-nav","21":"col","22":"span_1_of_4","23":"owp-content-center","24":"owp-thumbs-layout-horizontal","25":"owp-btn-big","26":"owp-tabs-layout-vertical"},"aioseo_notices":[],"_links":{"self":[{"href":"https:\/\/sage.com.uy\/index.php?rest_route=\/wp\/v2\/product\/9739","targetHints":{"allow":["GET"]}}],"collection":[{"href":"https:\/\/sage.com.uy\/index.php?rest_route=\/wp\/v2\/product"}],"about":[{"href":"https:\/\/sage.com.uy\/index.php?rest_route=\/wp\/v2\/types\/product"}],"replies":[{"embeddable":true,"href":"https:\/\/sage.com.uy\/index.php?rest_route=%2Fwp%2Fv2%2Fcomments&post=9739"}],"wp:featuredmedia":[{"embeddable":true,"href":"https:\/\/sage.com.uy\/index.php?rest_route=\/wp\/v2\/media\/9740"}],"wp:attachment":[{"href":"https:\/\/sage.com.uy\/index.php?rest_route=%2Fwp%2Fv2%2Fmedia&parent=9739"}],"wp:term":[{"taxonomy":"product_brand","embeddable":true,"href":"https:\/\/sage.com.uy\/index.php?rest_route=%2Fwp%2Fv2%2Fproduct_brand&post=9739"},{"taxonomy":"product_cat","embeddable":true,"href":"https:\/\/sage.com.uy\/index.php?rest_route=%2Fwp%2Fv2%2Fproduct_cat&post=9739"},{"taxonomy":"product_tag","embeddable":true,"href":"https:\/\/sage.com.uy\/index.php?rest_route=%2Fwp%2Fv2%2Fproduct_tag&post=9739"}],"curies":[{"name":"wp","href":"https:\/\/api.w.org\/{rel}","templated":true}]}}