{"id":7391,"date":"2022-02-03T02:52:42","date_gmt":"2022-02-03T02:52:42","guid":{"rendered":"https:\/\/sage.com.uy\/?post_type=product&#038;p=7391"},"modified":"2024-07-25T11:55:57","modified_gmt":"2024-07-25T14:55:57","slug":"bolso-sumax-mochila-con-porta-vinilos-sm-1711","status":"publish","type":"product","link":"https:\/\/sage.com.uy\/?product=bolso-sumax-mochila-con-porta-vinilos-sm-1711","title":{"rendered":"Bolso Sumax Mochila con Porta Vinilos SM-1711"},"content":{"rendered":"<p>Nuevo modelo de bolsa de pesca Sumax, construido con nylon 600D de alta calidad y alta resistencia, equipado con varios bolsillos y compartimentos especialmente dise\u00f1ados para satisfacer las necesidades del pescador, con bolsas de pl\u00e1stico con separaci\u00f3n para almacenar vinilos con seguridad, bolsillos especiales con revestimiento interno para proteger equipos delicados como gafas de sol, c\u00e1maras y m\u00e1s. Sus asas y la parte inferior est\u00e1n acolchadas, lo que garantiza la comodidad durante el transporte como mochila.<\/p>\n","protected":false},"excerpt":{"rendered":"<p>Nuevo modelo de bolsa de pesca Sumax, construido con nylon 600D de alta calidad y alta resistencia, equipado con varios bolsillos y compartimentos especialmente dise\u00f1ados para satisfacer las necesidades del pescador, con bolsas de pl\u00e1stico con separaci\u00f3n para almacenar vinilos con seguridad, bolsillos especiales con revestimiento interno para proteger equipos delicados como gafas de sol, [&hellip;]<\/p>\n","protected":false},"featured_media":7530,"comment_status":"closed","ping_status":"closed","template":"","meta":{"om_disable_all_campaigns":false,"_monsterinsights_skip_tracking":false,"_monsterinsights_sitenote_active":false,"_monsterinsights_sitenote_note":"","_monsterinsights_sitenote_category":0,"_uf_show_specific_survey":0,"_uf_disable_surveys":false,"ocean_post_layout":"","ocean_both_sidebars_style":"","ocean_both_sidebars_content_width":0,"ocean_both_sidebars_sidebars_width":0,"ocean_sidebar":"0","ocean_second_sidebar":"0","ocean_disable_margins":"enable","ocean_add_body_class":"","ocean_shortcode_before_top_bar":"","ocean_shortcode_after_top_bar":"","ocean_shortcode_before_header":"","ocean_shortcode_after_header":"","ocean_has_shortcode":"","ocean_shortcode_after_title":"","ocean_shortcode_before_footer_widgets":"","ocean_shortcode_after_footer_widgets":"","ocean_shortcode_before_footer_bottom":"","ocean_shortcode_after_footer_bottom":"","ocean_display_top_bar":"default","ocean_display_header":"default","ocean_header_style":"","ocean_center_header_left_menu":"0","ocean_custom_header_template":"0","ocean_custom_logo":0,"ocean_custom_retina_logo":0,"ocean_custom_logo_max_width":0,"ocean_custom_logo_tablet_max_width":0,"ocean_custom_logo_mobile_max_width":0,"ocean_custom_logo_max_height":0,"ocean_custom_logo_tablet_max_height":0,"ocean_custom_logo_mobile_max_height":0,"ocean_header_custom_menu":"0","ocean_menu_typo_font_family":"0","ocean_menu_typo_font_subset":"","ocean_menu_typo_font_size":0,"ocean_menu_typo_font_size_tablet":0,"ocean_menu_typo_font_size_mobile":0,"ocean_menu_typo_font_size_unit":"px","ocean_menu_typo_font_weight":"","ocean_menu_typo_font_weight_tablet":"","ocean_menu_typo_font_weight_mobile":"","ocean_menu_typo_transform":"","ocean_menu_typo_transform_tablet":"","ocean_menu_typo_transform_mobile":"","ocean_menu_typo_line_height":0,"ocean_menu_typo_line_height_tablet":0,"ocean_menu_typo_line_height_mobile":0,"ocean_menu_typo_line_height_unit":"","ocean_menu_typo_spacing":0,"ocean_menu_typo_spacing_tablet":0,"ocean_menu_typo_spacing_mobile":0,"ocean_menu_typo_spacing_unit":"","ocean_menu_link_color":"","ocean_menu_link_color_hover":"","ocean_menu_link_color_active":"","ocean_menu_link_background":"","ocean_menu_link_hover_background":"","ocean_menu_link_active_background":"","ocean_menu_social_links_bg":"","ocean_menu_social_hover_links_bg":"","ocean_menu_social_links_color":"","ocean_menu_social_hover_links_color":"","ocean_disable_title":"default","ocean_disable_heading":"default","ocean_post_title":"","ocean_post_subheading":"","ocean_post_title_style":"","ocean_post_title_background_color":"","ocean_post_title_background":0,"ocean_post_title_bg_image_position":"","ocean_post_title_bg_image_attachment":"","ocean_post_title_bg_image_repeat":"","ocean_post_title_bg_image_size":"","ocean_post_title_height":0,"ocean_post_title_bg_overlay":0.5,"ocean_post_title_bg_overlay_color":"","ocean_disable_breadcrumbs":"default","ocean_breadcrumbs_color":"","ocean_breadcrumbs_separator_color":"","ocean_breadcrumbs_links_color":"","ocean_breadcrumbs_links_hover_color":"","ocean_display_footer_widgets":"default","ocean_display_footer_bottom":"default","ocean_custom_footer_template":"0"},"product_brand":[],"product_cat":[23,24],"product_tag":[25,26,44,33,45],"class_list":{"0":"post-7391","1":"product","2":"type-product","3":"status-publish","4":"has-post-thumbnail","6":"product_cat-accesorios","7":"product_cat-bolsos-y-cajas-de-pesca","8":"product_tag-bolsa","9":"product_tag-bolso","10":"product_tag-mochila","11":"product_tag-sumax","12":"product_tag-vinilos","14":"entry","15":"has-media","17":"first","18":"instock","19":"shipping-taxable","20":"purchasable","21":"product-type-simple","22":"has-product-nav","23":"col","24":"span_1_of_4","25":"owp-content-center","26":"owp-thumbs-layout-horizontal","27":"owp-btn-big","28":"owp-tabs-layout-vertical"},"aioseo_notices":[],"_links":{"self":[{"href":"https:\/\/sage.com.uy\/index.php?rest_route=\/wp\/v2\/product\/7391","targetHints":{"allow":["GET"]}}],"collection":[{"href":"https:\/\/sage.com.uy\/index.php?rest_route=\/wp\/v2\/product"}],"about":[{"href":"https:\/\/sage.com.uy\/index.php?rest_route=\/wp\/v2\/types\/product"}],"replies":[{"embeddable":true,"href":"https:\/\/sage.com.uy\/index.php?rest_route=%2Fwp%2Fv2%2Fcomments&post=7391"}],"wp:featuredmedia":[{"embeddable":true,"href":"https:\/\/sage.com.uy\/index.php?rest_route=\/wp\/v2\/media\/7530"}],"wp:attachment":[{"href":"https:\/\/sage.com.uy\/index.php?rest_route=%2Fwp%2Fv2%2Fmedia&parent=7391"}],"wp:term":[{"taxonomy":"product_brand","embeddable":true,"href":"https:\/\/sage.com.uy\/index.php?rest_route=%2Fwp%2Fv2%2Fproduct_brand&post=7391"},{"taxonomy":"product_cat","embeddable":true,"href":"https:\/\/sage.com.uy\/index.php?rest_route=%2Fwp%2Fv2%2Fproduct_cat&post=7391"},{"taxonomy":"product_tag","embeddable":true,"href":"https:\/\/sage.com.uy\/index.php?rest_route=%2Fwp%2Fv2%2Fproduct_tag&post=7391"}],"curies":[{"name":"wp","href":"https:\/\/api.w.org\/{rel}","templated":true}]}}