{"id":5265,"date":"2022-02-03T02:24:44","date_gmt":"2022-02-03T02:24:44","guid":{"rendered":"https:\/\/sage.com.uy\/?post_type=product&#038;p=5265"},"modified":"2026-04-14T10:06:26","modified_gmt":"2026-04-14T13:06:26","slug":"jig-monster-100m","status":"publish","type":"product","link":"https:\/\/sage.com.uy\/?product=jig-monster-100m","title":{"rendered":"Jig Monster 100M"},"content":{"rendered":"<p><strong>|L\u00ednea de multifilamento que tiene un sistema antihumedad por lo que no afecta el rendimiento de la l\u00ednea, 8 hebras, puede ser un 30% m\u00e1s que una l\u00ednea de multifilamento com\u00fan, resistiendo peces grandes y Debido a que es una l\u00ednea m\u00e1s delgada con una estructura molecular de marco ideal, puede percibir con precisi\u00f3n el ataque de los peces y tambi\u00e9n aumenta el tiempo de vida de la l\u00ednea. JIGMONSTER tiene una caracter\u00edstica de color, cada 10 metros la l\u00ednea cambia de color, lo que brinda una mejor precisi\u00f3n para el pescador en campos y pesca profunda.\u00a0<\/strong><\/p>\n<ul>\n<li><strong>100M<\/strong><\/li>\n<li><strong>0.22mm &#8211; 45lbs<\/strong><\/li>\n<li><strong>0.26mm &#8211; 50lbs<\/strong><\/li>\n<li><strong>0.28mm &#8211; 60lbs<\/strong><\/li>\n<li><strong>0.32mm &#8211; 65lbs<\/strong><\/li>\n<li><strong>0.36mm &#8211; 70lbs<\/strong><\/li>\n<li><strong>0.40mm &#8211; 80lbs<\/strong><\/li>\n<li><strong>0.43mm &#8211; 90lbs<\/strong><\/li>\n<li><strong>0.48mm &#8211; 100lbs<\/strong><\/li>\n<li><strong>0.52mm &#8211; 120lbs\u00a0\u00a0<\/strong><\/li>\n<\/ul>\n","protected":false},"excerpt":{"rendered":"<p>|L\u00ednea de multifilamento que tiene un sistema antihumedad por lo que no afecta el rendimiento de la l\u00ednea, 8 hebras, puede ser un 30% m\u00e1s que una l\u00ednea de multifilamento com\u00fan, resistiendo peces grandes y Debido a que es una l\u00ednea m\u00e1s delgada con una estructura molecular de marco ideal, puede percibir con precisi\u00f3n el [&hellip;]<\/p>\n","protected":false},"featured_media":10143,"comment_status":"closed","ping_status":"closed","template":"","meta":{"om_disable_all_campaigns":false,"_monsterinsights_skip_tracking":false,"_monsterinsights_sitenote_active":false,"_monsterinsights_sitenote_note":"","_monsterinsights_sitenote_category":0,"_uf_show_specific_survey":0,"_uf_disable_surveys":false,"ocean_post_layout":"","ocean_both_sidebars_style":"","ocean_both_sidebars_content_width":0,"ocean_both_sidebars_sidebars_width":0,"ocean_sidebar":"0","ocean_second_sidebar":"0","ocean_disable_margins":"enable","ocean_add_body_class":"","ocean_shortcode_before_top_bar":"","ocean_shortcode_after_top_bar":"","ocean_shortcode_before_header":"","ocean_shortcode_after_header":"","ocean_has_shortcode":"","ocean_shortcode_after_title":"","ocean_shortcode_before_footer_widgets":"","ocean_shortcode_after_footer_widgets":"","ocean_shortcode_before_footer_bottom":"","ocean_shortcode_after_footer_bottom":"","ocean_display_top_bar":"default","ocean_display_header":"default","ocean_header_style":"","ocean_center_header_left_menu":"0","ocean_custom_header_template":"0","ocean_custom_logo":0,"ocean_custom_retina_logo":0,"ocean_custom_logo_max_width":0,"ocean_custom_logo_tablet_max_width":0,"ocean_custom_logo_mobile_max_width":0,"ocean_custom_logo_max_height":0,"ocean_custom_logo_tablet_max_height":0,"ocean_custom_logo_mobile_max_height":0,"ocean_header_custom_menu":"0","ocean_menu_typo_font_family":"0","ocean_menu_typo_font_subset":"","ocean_menu_typo_font_size":0,"ocean_menu_typo_font_size_tablet":0,"ocean_menu_typo_font_size_mobile":0,"ocean_menu_typo_font_size_unit":"px","ocean_menu_typo_font_weight":"","ocean_menu_typo_font_weight_tablet":"","ocean_menu_typo_font_weight_mobile":"","ocean_menu_typo_transform":"","ocean_menu_typo_transform_tablet":"","ocean_menu_typo_transform_mobile":"","ocean_menu_typo_line_height":0,"ocean_menu_typo_line_height_tablet":0,"ocean_menu_typo_line_height_mobile":0,"ocean_menu_typo_line_height_unit":"","ocean_menu_typo_spacing":0,"ocean_menu_typo_spacing_tablet":0,"ocean_menu_typo_spacing_mobile":0,"ocean_menu_typo_spacing_unit":"","ocean_menu_link_color":"","ocean_menu_link_color_hover":"","ocean_menu_link_color_active":"","ocean_menu_link_background":"","ocean_menu_link_hover_background":"","ocean_menu_link_active_background":"","ocean_menu_social_links_bg":"","ocean_menu_social_hover_links_bg":"","ocean_menu_social_links_color":"","ocean_menu_social_hover_links_color":"","ocean_disable_title":"default","ocean_disable_heading":"default","ocean_post_title":"","ocean_post_subheading":"","ocean_post_title_style":"","ocean_post_title_background_color":"","ocean_post_title_background":0,"ocean_post_title_bg_image_position":"","ocean_post_title_bg_image_attachment":"","ocean_post_title_bg_image_repeat":"","ocean_post_title_bg_image_size":"","ocean_post_title_height":0,"ocean_post_title_bg_overlay":0.5,"ocean_post_title_bg_overlay_color":"","ocean_disable_breadcrumbs":"default","ocean_breadcrumbs_color":"","ocean_breadcrumbs_separator_color":"","ocean_breadcrumbs_links_color":"","ocean_breadcrumbs_links_hover_color":"","ocean_display_footer_widgets":"default","ocean_display_footer_bottom":"default","ocean_custom_footer_template":"0"},"product_brand":[],"product_cat":[58,70],"product_tag":[49,71,33],"class_list":{"0":"post-5265","1":"product","2":"type-product","3":"status-publish","4":"has-post-thumbnail","6":"product_cat-lineas","7":"product_cat-multifilamento","8":"product_tag-baitcasting","9":"product_tag-multifilamento","10":"product_tag-sumax","12":"entry","13":"has-media","15":"first","16":"instock","17":"sale","18":"shipping-taxable","19":"purchasable","20":"product-type-variable","21":"has-default-attributes","22":"has-product-nav","23":"col","24":"span_1_of_4","25":"owp-content-center","26":"owp-thumbs-layout-horizontal","27":"owp-btn-big","28":"owp-tabs-layout-vertical"},"aioseo_notices":[],"_links":{"self":[{"href":"https:\/\/sage.com.uy\/index.php?rest_route=\/wp\/v2\/product\/5265","targetHints":{"allow":["GET"]}}],"collection":[{"href":"https:\/\/sage.com.uy\/index.php?rest_route=\/wp\/v2\/product"}],"about":[{"href":"https:\/\/sage.com.uy\/index.php?rest_route=\/wp\/v2\/types\/product"}],"replies":[{"embeddable":true,"href":"https:\/\/sage.com.uy\/index.php?rest_route=%2Fwp%2Fv2%2Fcomments&post=5265"}],"wp:featuredmedia":[{"embeddable":true,"href":"https:\/\/sage.com.uy\/index.php?rest_route=\/wp\/v2\/media\/10143"}],"wp:attachment":[{"href":"https:\/\/sage.com.uy\/index.php?rest_route=%2Fwp%2Fv2%2Fmedia&parent=5265"}],"wp:term":[{"taxonomy":"product_brand","embeddable":true,"href":"https:\/\/sage.com.uy\/index.php?rest_route=%2Fwp%2Fv2%2Fproduct_brand&post=5265"},{"taxonomy":"product_cat","embeddable":true,"href":"https:\/\/sage.com.uy\/index.php?rest_route=%2Fwp%2Fv2%2Fproduct_cat&post=5265"},{"taxonomy":"product_tag","embeddable":true,"href":"https:\/\/sage.com.uy\/index.php?rest_route=%2Fwp%2Fv2%2Fproduct_tag&post=5265"}],"curies":[{"name":"wp","href":"https:\/\/api.w.org\/{rel}","templated":true}]}}