{"id":5230,"date":"2022-02-03T02:24:18","date_gmt":"2022-02-03T02:24:18","guid":{"rendered":"https:\/\/sage.com.uy\/?post_type=product&#038;p=5230"},"modified":"2022-07-04T20:18:29","modified_gmt":"2022-07-04T20:18:29","slug":"spectra-300m-alemana","status":"publish","type":"product","link":"https:\/\/sage.com.uy\/?product=spectra-300m-alemana","title":{"rendered":"Spectra 300m Alemana"},"content":{"rendered":"<ul>\n<li><strong>300 METROS<\/strong><\/li>\n<li><strong>100% material de fibra U-PE de alta resistencia<\/strong><\/li>\n<li><strong>Revestimiento resistente al agua<\/strong><\/li>\n<li><strong>Excelente resistencia a la abrasi\u00f3n<\/strong><\/li>\n<li><strong>Resistencia a los rayos ultravioleta<\/strong><\/li>\n<li><strong>L\u00ednea altamente sensible<\/strong><\/li>\n<li><strong>L\u00ednea sin memoria<\/strong><\/li>\n<li><strong>Medida(mm) \/ Resistencia<\/strong><\/li>\n<li><strong>0.10mm &#8211; 13LB<\/strong><\/li>\n<li><strong>0.14mm &#8211; 18LB<\/strong><\/li>\n<li><strong>0.18mm &#8211; 24LB<\/strong><\/li>\n<li><strong>0.20mm &#8211; 35LB<\/strong><\/li>\n<li><strong>0.24mm &#8211; 42LB<\/strong><\/li>\n<li><strong>0.28mm &#8211; 48LB<\/strong><\/li>\n<li><strong>0.32mm &#8211; 62LB<\/strong><\/li>\n<li><strong>0.36mm &#8211; 66LB<\/strong><\/li>\n<li><strong>0.40mm &#8211; 79LB<\/strong><\/li>\n<\/ul>\n","protected":false},"excerpt":{"rendered":"<p>300 METROS 100% material de fibra U-PE de alta resistencia Revestimiento resistente al agua Excelente resistencia a la abrasi\u00f3n Resistencia a los rayos ultravioleta L\u00ednea altamente sensible L\u00ednea sin memoria Medida(mm) \/ Resistencia 0.10mm &#8211; 13LB 0.14mm &#8211; 18LB 0.18mm &#8211; 24LB 0.20mm &#8211; 35LB 0.24mm &#8211; 42LB 0.28mm &#8211; 48LB 0.32mm &#8211; 62LB 0.36mm [&hellip;]<\/p>\n","protected":false},"featured_media":5281,"comment_status":"closed","ping_status":"closed","template":"","meta":{"om_disable_all_campaigns":false,"_monsterinsights_skip_tracking":false,"_monsterinsights_sitenote_active":false,"_monsterinsights_sitenote_note":"","_monsterinsights_sitenote_category":0,"_uf_show_specific_survey":0,"_uf_disable_surveys":false,"ocean_post_layout":"","ocean_both_sidebars_style":"","ocean_both_sidebars_content_width":0,"ocean_both_sidebars_sidebars_width":0,"ocean_sidebar":"0","ocean_second_sidebar":"0","ocean_disable_margins":"enable","ocean_add_body_class":"","ocean_shortcode_before_top_bar":"","ocean_shortcode_after_top_bar":"","ocean_shortcode_before_header":"","ocean_shortcode_after_header":"","ocean_has_shortcode":"","ocean_shortcode_after_title":"","ocean_shortcode_before_footer_widgets":"","ocean_shortcode_after_footer_widgets":"","ocean_shortcode_before_footer_bottom":"","ocean_shortcode_after_footer_bottom":"","ocean_display_top_bar":"default","ocean_display_header":"default","ocean_header_style":"","ocean_center_header_left_menu":"0","ocean_custom_header_template":"0","ocean_custom_logo":0,"ocean_custom_retina_logo":0,"ocean_custom_logo_max_width":0,"ocean_custom_logo_tablet_max_width":0,"ocean_custom_logo_mobile_max_width":0,"ocean_custom_logo_max_height":0,"ocean_custom_logo_tablet_max_height":0,"ocean_custom_logo_mobile_max_height":0,"ocean_header_custom_menu":"0","ocean_menu_typo_font_family":"0","ocean_menu_typo_font_subset":"","ocean_menu_typo_font_size":0,"ocean_menu_typo_font_size_tablet":0,"ocean_menu_typo_font_size_mobile":0,"ocean_menu_typo_font_size_unit":"px","ocean_menu_typo_font_weight":"","ocean_menu_typo_font_weight_tablet":"","ocean_menu_typo_font_weight_mobile":"","ocean_menu_typo_transform":"","ocean_menu_typo_transform_tablet":"","ocean_menu_typo_transform_mobile":"","ocean_menu_typo_line_height":0,"ocean_menu_typo_line_height_tablet":0,"ocean_menu_typo_line_height_mobile":0,"ocean_menu_typo_line_height_unit":"","ocean_menu_typo_spacing":0,"ocean_menu_typo_spacing_tablet":0,"ocean_menu_typo_spacing_mobile":0,"ocean_menu_typo_spacing_unit":"","ocean_menu_link_color":"","ocean_menu_link_color_hover":"","ocean_menu_link_color_active":"","ocean_menu_link_background":"","ocean_menu_link_hover_background":"","ocean_menu_link_active_background":"","ocean_menu_social_links_bg":"","ocean_menu_social_hover_links_bg":"","ocean_menu_social_links_color":"","ocean_menu_social_hover_links_color":"","ocean_disable_title":"default","ocean_disable_heading":"default","ocean_post_title":"","ocean_post_subheading":"","ocean_post_title_style":"","ocean_post_title_background_color":"","ocean_post_title_background":0,"ocean_post_title_bg_image_position":"","ocean_post_title_bg_image_attachment":"","ocean_post_title_bg_image_repeat":"","ocean_post_title_bg_image_size":"","ocean_post_title_height":0,"ocean_post_title_bg_overlay":0.5,"ocean_post_title_bg_overlay_color":"","ocean_disable_breadcrumbs":"default","ocean_breadcrumbs_color":"","ocean_breadcrumbs_separator_color":"","ocean_breadcrumbs_links_color":"","ocean_breadcrumbs_links_hover_color":"","ocean_display_footer_widgets":"default","ocean_display_footer_bottom":"default","ocean_custom_footer_template":"0"},"product_brand":[],"product_cat":[58,70],"product_tag":[68,71,33,61],"class_list":{"0":"post-5230","1":"product","2":"type-product","3":"status-publish","4":"has-post-thumbnail","6":"product_cat-lineas","7":"product_cat-multifilamento","8":"product_tag-alemana","9":"product_tag-multifilamento","10":"product_tag-sumax","11":"product_tag-tanza","13":"entry","14":"has-media","16":"first","17":"instock","18":"shipping-taxable","19":"purchasable","20":"product-type-variable","21":"has-default-attributes","22":"has-product-nav","23":"col","24":"span_1_of_4","25":"owp-content-center","26":"owp-thumbs-layout-horizontal","27":"owp-btn-big","28":"owp-tabs-layout-vertical"},"aioseo_notices":[],"_links":{"self":[{"href":"https:\/\/sage.com.uy\/index.php?rest_route=\/wp\/v2\/product\/5230","targetHints":{"allow":["GET"]}}],"collection":[{"href":"https:\/\/sage.com.uy\/index.php?rest_route=\/wp\/v2\/product"}],"about":[{"href":"https:\/\/sage.com.uy\/index.php?rest_route=\/wp\/v2\/types\/product"}],"replies":[{"embeddable":true,"href":"https:\/\/sage.com.uy\/index.php?rest_route=%2Fwp%2Fv2%2Fcomments&post=5230"}],"wp:featuredmedia":[{"embeddable":true,"href":"https:\/\/sage.com.uy\/index.php?rest_route=\/wp\/v2\/media\/5281"}],"wp:attachment":[{"href":"https:\/\/sage.com.uy\/index.php?rest_route=%2Fwp%2Fv2%2Fmedia&parent=5230"}],"wp:term":[{"taxonomy":"product_brand","embeddable":true,"href":"https:\/\/sage.com.uy\/index.php?rest_route=%2Fwp%2Fv2%2Fproduct_brand&post=5230"},{"taxonomy":"product_cat","embeddable":true,"href":"https:\/\/sage.com.uy\/index.php?rest_route=%2Fwp%2Fv2%2Fproduct_cat&post=5230"},{"taxonomy":"product_tag","embeddable":true,"href":"https:\/\/sage.com.uy\/index.php?rest_route=%2Fwp%2Fv2%2Fproduct_tag&post=5230"}],"curies":[{"name":"wp","href":"https:\/\/api.w.org\/{rel}","templated":true}]}}