{"id":11032,"date":"2025-12-24T11:38:59","date_gmt":"2025-12-24T14:38:59","guid":{"rendered":"https:\/\/sage.com.uy\/?post_type=product&#038;p=11032"},"modified":"2025-12-24T11:38:59","modified_gmt":"2025-12-24T14:38:59","slug":"reel-rotativo-sumax-atenas-7000-black-manija-izquierda","status":"publish","type":"product","link":"https:\/\/sage.com.uy\/?product=reel-rotativo-sumax-atenas-7000-black-manija-izquierda","title":{"rendered":"Reel Rotativo Sumax Atenas-7000 Black Manija Izquierda"},"content":{"rendered":"<p>El lanzamiento m\u00e1s reciente de Sumax, Atenas 7000, viene con la mejor relaci\u00f3n calidad-precio, carrete de 7 rulemanes, recuperaci\u00f3n de 7.2: 1, gran capacidad de l\u00ednea, manivela extendida para m\u00e1s torque y un arrastre robusto de 15 lb.<br \/>\nCon un dise\u00f1o moderno y compacto, estrella de freno de metal y perilla de ajuste.<\/p>\n","protected":false},"excerpt":{"rendered":"<p>El lanzamiento m\u00e1s reciente de Sumax, Atenas 7000, viene con la mejor relaci\u00f3n calidad-precio, carrete de 7 rulemanes, recuperaci\u00f3n de 7.2: 1, gran capacidad de l\u00ednea, manivela extendida para m\u00e1s torque y un arrastre robusto de 15 lb. Con un dise\u00f1o moderno y compacto, estrella de freno de metal y perilla de ajuste.<\/p>\n","protected":false},"featured_media":11033,"comment_status":"open","ping_status":"closed","template":"","meta":{"om_disable_all_campaigns":false,"_monsterinsights_skip_tracking":false,"_monsterinsights_sitenote_active":false,"_monsterinsights_sitenote_note":"","_monsterinsights_sitenote_category":0,"_uf_show_specific_survey":0,"_uf_disable_surveys":false,"ocean_post_layout":"","ocean_both_sidebars_style":"","ocean_both_sidebars_content_width":0,"ocean_both_sidebars_sidebars_width":0,"ocean_sidebar":"0","ocean_second_sidebar":"0","ocean_disable_margins":"enable","ocean_add_body_class":"","ocean_shortcode_before_top_bar":"","ocean_shortcode_after_top_bar":"","ocean_shortcode_before_header":"","ocean_shortcode_after_header":"","ocean_has_shortcode":"","ocean_shortcode_after_title":"","ocean_shortcode_before_footer_widgets":"","ocean_shortcode_after_footer_widgets":"","ocean_shortcode_before_footer_bottom":"","ocean_shortcode_after_footer_bottom":"","ocean_display_top_bar":"default","ocean_display_header":"default","ocean_header_style":"","ocean_center_header_left_menu":"0","ocean_custom_header_template":"0","ocean_custom_logo":0,"ocean_custom_retina_logo":0,"ocean_custom_logo_max_width":0,"ocean_custom_logo_tablet_max_width":0,"ocean_custom_logo_mobile_max_width":0,"ocean_custom_logo_max_height":0,"ocean_custom_logo_tablet_max_height":0,"ocean_custom_logo_mobile_max_height":0,"ocean_header_custom_menu":"0","ocean_menu_typo_font_family":"0","ocean_menu_typo_font_subset":"","ocean_menu_typo_font_size":0,"ocean_menu_typo_font_size_tablet":0,"ocean_menu_typo_font_size_mobile":0,"ocean_menu_typo_font_size_unit":"px","ocean_menu_typo_font_weight":"","ocean_menu_typo_font_weight_tablet":"","ocean_menu_typo_font_weight_mobile":"","ocean_menu_typo_transform":"","ocean_menu_typo_transform_tablet":"","ocean_menu_typo_transform_mobile":"","ocean_menu_typo_line_height":0,"ocean_menu_typo_line_height_tablet":0,"ocean_menu_typo_line_height_mobile":0,"ocean_menu_typo_line_height_unit":"","ocean_menu_typo_spacing":0,"ocean_menu_typo_spacing_tablet":0,"ocean_menu_typo_spacing_mobile":0,"ocean_menu_typo_spacing_unit":"","ocean_menu_link_color":"","ocean_menu_link_color_hover":"","ocean_menu_link_color_active":"","ocean_menu_link_background":"","ocean_menu_link_hover_background":"","ocean_menu_link_active_background":"","ocean_menu_social_links_bg":"","ocean_menu_social_hover_links_bg":"","ocean_menu_social_links_color":"","ocean_menu_social_hover_links_color":"","ocean_disable_title":"default","ocean_disable_heading":"default","ocean_post_title":"","ocean_post_subheading":"","ocean_post_title_style":"","ocean_post_title_background_color":"","ocean_post_title_background":0,"ocean_post_title_bg_image_position":"","ocean_post_title_bg_image_attachment":"","ocean_post_title_bg_image_repeat":"","ocean_post_title_bg_image_size":"","ocean_post_title_height":0,"ocean_post_title_bg_overlay":0.5,"ocean_post_title_bg_overlay_color":"","ocean_disable_breadcrumbs":"default","ocean_breadcrumbs_color":"","ocean_breadcrumbs_separator_color":"","ocean_breadcrumbs_links_color":"","ocean_breadcrumbs_links_hover_color":"","ocean_display_footer_widgets":"default","ocean_display_footer_bottom":"default","ocean_custom_footer_template":"0"},"product_brand":[236],"product_cat":[28,29],"product_tag":[279,231,49,327,31,32,33],"class_list":{"0":"post-11032","1":"product","2":"type-product","3":"status-publish","4":"has-post-thumbnail","6":"product_brand-sumax","7":"product_cat-reeles","8":"product_cat-rotativos-sumax","9":"product_tag-agua-dulce","10":"product_tag-atenas","11":"product_tag-baitcasting","12":"product_tag-manija-izquierda","13":"product_tag-reel","14":"product_tag-rotativo","15":"product_tag-sumax","17":"entry","18":"has-media","20":"first","21":"instock","22":"shipping-taxable","23":"purchasable","24":"product-type-simple","25":"has-product-nav","26":"col","27":"span_1_of_4","28":"owp-content-center","29":"owp-thumbs-layout-horizontal","30":"owp-btn-big","31":"owp-tabs-layout-vertical"},"aioseo_notices":[],"_links":{"self":[{"href":"https:\/\/sage.com.uy\/index.php?rest_route=\/wp\/v2\/product\/11032","targetHints":{"allow":["GET"]}}],"collection":[{"href":"https:\/\/sage.com.uy\/index.php?rest_route=\/wp\/v2\/product"}],"about":[{"href":"https:\/\/sage.com.uy\/index.php?rest_route=\/wp\/v2\/types\/product"}],"replies":[{"embeddable":true,"href":"https:\/\/sage.com.uy\/index.php?rest_route=%2Fwp%2Fv2%2Fcomments&post=11032"}],"wp:featuredmedia":[{"embeddable":true,"href":"https:\/\/sage.com.uy\/index.php?rest_route=\/wp\/v2\/media\/11033"}],"wp:attachment":[{"href":"https:\/\/sage.com.uy\/index.php?rest_route=%2Fwp%2Fv2%2Fmedia&parent=11032"}],"wp:term":[{"taxonomy":"product_brand","embeddable":true,"href":"https:\/\/sage.com.uy\/index.php?rest_route=%2Fwp%2Fv2%2Fproduct_brand&post=11032"},{"taxonomy":"product_cat","embeddable":true,"href":"https:\/\/sage.com.uy\/index.php?rest_route=%2Fwp%2Fv2%2Fproduct_cat&post=11032"},{"taxonomy":"product_tag","embeddable":true,"href":"https:\/\/sage.com.uy\/index.php?rest_route=%2Fwp%2Fv2%2Fproduct_tag&post=11032"}],"curies":[{"name":"wp","href":"https:\/\/api.w.org\/{rel}","templated":true}]}}