{"id":10997,"date":"2025-12-24T10:32:50","date_gmt":"2025-12-24T13:32:50","guid":{"rendered":"https:\/\/sage.com.uy\/?post_type=product&#038;p=10997"},"modified":"2025-12-24T10:32:51","modified_gmt":"2025-12-24T13:32:51","slug":"linea-de-flote-sumax-orion-x300mts","status":"publish","type":"product","link":"https:\/\/sage.com.uy\/?product=linea-de-flote-sumax-orion-x300mts","title":{"rendered":"Linea de Flote Sumax Orion x300mts"},"content":{"rendered":"<p>La serie Orion flota en la superficie del agua. Tiene un interior hueco que refleja la luz desde m\u00faltiples \u00e1ngulos y la hace menos visible para los peces. Con las caracter\u00edsticas flotantes hay ventajas principales:<br \/>\nLa l\u00ednea del anzuelo entre el peso y el anzuelo forma un arco perfecto, de modo que es menos probable que se incline con algas u obst\u00e1culos en el agua.<br \/>\nLa l\u00ednea principal de pesca y la l\u00ednea del anzuelo desde un \u00e1ngulo de 90 grados, lo que permite una mayor sensibilidad al movimiento del pez.<br \/>\nDi\u00e1metro delgado, extra resistente, s\u00faper fuerte.<br \/>\nDesarrollado con alta tecnolog\u00eda y procesado con resina de tres capas para lograr una l\u00ednea de pesca fina, suave y flexible.<br \/>\nRecoger\u00e1 menos agua y la fuerza no se reducir\u00e1 en el agua.<br \/>\nDisponible en los siguientes tama\u00f1os:<br \/>\n0.18mm &#8211; 5lbs<br \/>\n0.20mm &#8211; 6lbs<br \/>\n0.24mm &#8211; 8lbs<br \/>\n0.32mm &#8211; 14lbs<br \/>\n0.36mm &#8211; 17lbs<br \/>\n0.39mm &#8211; 22lbs<br \/>\n0.42mm . 26lbs<\/p>\n","protected":false},"excerpt":{"rendered":"<p>La serie Orion flota en la superficie del agua. Tiene un interior hueco que refleja la luz desde m\u00faltiples \u00e1ngulos y la hace menos visible para los peces. Con las caracter\u00edsticas flotantes hay ventajas principales: La l\u00ednea del anzuelo entre el peso y el anzuelo forma un arco perfecto, de modo que es menos probable [&hellip;]<\/p>\n","protected":false},"featured_media":11005,"comment_status":"open","ping_status":"closed","template":"","meta":{"om_disable_all_campaigns":false,"_monsterinsights_skip_tracking":false,"_monsterinsights_sitenote_active":false,"_monsterinsights_sitenote_note":"","_monsterinsights_sitenote_category":0,"_uf_show_specific_survey":0,"_uf_disable_surveys":false,"ocean_post_layout":"","ocean_both_sidebars_style":"","ocean_both_sidebars_content_width":0,"ocean_both_sidebars_sidebars_width":0,"ocean_sidebar":"0","ocean_second_sidebar":"0","ocean_disable_margins":"enable","ocean_add_body_class":"","ocean_shortcode_before_top_bar":"","ocean_shortcode_after_top_bar":"","ocean_shortcode_before_header":"","ocean_shortcode_after_header":"","ocean_has_shortcode":"","ocean_shortcode_after_title":"","ocean_shortcode_before_footer_widgets":"","ocean_shortcode_after_footer_widgets":"","ocean_shortcode_before_footer_bottom":"","ocean_shortcode_after_footer_bottom":"","ocean_display_top_bar":"default","ocean_display_header":"default","ocean_header_style":"","ocean_center_header_left_menu":"0","ocean_custom_header_template":"0","ocean_custom_logo":0,"ocean_custom_retina_logo":0,"ocean_custom_logo_max_width":0,"ocean_custom_logo_tablet_max_width":0,"ocean_custom_logo_mobile_max_width":0,"ocean_custom_logo_max_height":0,"ocean_custom_logo_tablet_max_height":0,"ocean_custom_logo_mobile_max_height":0,"ocean_header_custom_menu":"0","ocean_menu_typo_font_family":"0","ocean_menu_typo_font_subset":"","ocean_menu_typo_font_size":0,"ocean_menu_typo_font_size_tablet":0,"ocean_menu_typo_font_size_mobile":0,"ocean_menu_typo_font_size_unit":"px","ocean_menu_typo_font_weight":"","ocean_menu_typo_font_weight_tablet":"","ocean_menu_typo_font_weight_mobile":"","ocean_menu_typo_transform":"","ocean_menu_typo_transform_tablet":"","ocean_menu_typo_transform_mobile":"","ocean_menu_typo_line_height":0,"ocean_menu_typo_line_height_tablet":0,"ocean_menu_typo_line_height_mobile":0,"ocean_menu_typo_line_height_unit":"","ocean_menu_typo_spacing":0,"ocean_menu_typo_spacing_tablet":0,"ocean_menu_typo_spacing_mobile":0,"ocean_menu_typo_spacing_unit":"","ocean_menu_link_color":"","ocean_menu_link_color_hover":"","ocean_menu_link_color_active":"","ocean_menu_link_background":"","ocean_menu_link_hover_background":"","ocean_menu_link_active_background":"","ocean_menu_social_links_bg":"","ocean_menu_social_hover_links_bg":"","ocean_menu_social_links_color":"","ocean_menu_social_hover_links_color":"","ocean_disable_title":"default","ocean_disable_heading":"default","ocean_post_title":"","ocean_post_subheading":"","ocean_post_title_style":"","ocean_post_title_background_color":"","ocean_post_title_background":0,"ocean_post_title_bg_image_position":"","ocean_post_title_bg_image_attachment":"","ocean_post_title_bg_image_repeat":"","ocean_post_title_bg_image_size":"","ocean_post_title_height":0,"ocean_post_title_bg_overlay":0.5,"ocean_post_title_bg_overlay_color":"","ocean_disable_breadcrumbs":"default","ocean_breadcrumbs_color":"","ocean_breadcrumbs_separator_color":"","ocean_breadcrumbs_links_color":"","ocean_breadcrumbs_links_hover_color":"","ocean_display_footer_widgets":"default","ocean_display_footer_bottom":"default","ocean_custom_footer_template":"0"},"product_brand":[236],"product_cat":[58,59],"product_tag":[316,319,318,317,229,33],"class_list":{"0":"post-10997","1":"product","2":"type-product","3":"status-publish","4":"has-post-thumbnail","6":"product_brand-sumax","7":"product_cat-lineas","8":"product_cat-monofilamento","9":"product_tag-300mts","10":"product_tag-currica","11":"product_tag-fluor","12":"product_tag-linea-de-flote","13":"product_tag-orion","14":"product_tag-sumax","16":"entry","17":"has-media","19":"first","20":"instock","21":"shipping-taxable","22":"purchasable","23":"product-type-variable","24":"has-product-nav","25":"col","26":"span_1_of_4","27":"owp-content-center","28":"owp-thumbs-layout-horizontal","29":"owp-btn-big","30":"owp-tabs-layout-vertical"},"aioseo_notices":[],"_links":{"self":[{"href":"https:\/\/sage.com.uy\/index.php?rest_route=\/wp\/v2\/product\/10997","targetHints":{"allow":["GET"]}}],"collection":[{"href":"https:\/\/sage.com.uy\/index.php?rest_route=\/wp\/v2\/product"}],"about":[{"href":"https:\/\/sage.com.uy\/index.php?rest_route=\/wp\/v2\/types\/product"}],"replies":[{"embeddable":true,"href":"https:\/\/sage.com.uy\/index.php?rest_route=%2Fwp%2Fv2%2Fcomments&post=10997"}],"wp:featuredmedia":[{"embeddable":true,"href":"https:\/\/sage.com.uy\/index.php?rest_route=\/wp\/v2\/media\/11005"}],"wp:attachment":[{"href":"https:\/\/sage.com.uy\/index.php?rest_route=%2Fwp%2Fv2%2Fmedia&parent=10997"}],"wp:term":[{"taxonomy":"product_brand","embeddable":true,"href":"https:\/\/sage.com.uy\/index.php?rest_route=%2Fwp%2Fv2%2Fproduct_brand&post=10997"},{"taxonomy":"product_cat","embeddable":true,"href":"https:\/\/sage.com.uy\/index.php?rest_route=%2Fwp%2Fv2%2Fproduct_cat&post=10997"},{"taxonomy":"product_tag","embeddable":true,"href":"https:\/\/sage.com.uy\/index.php?rest_route=%2Fwp%2Fv2%2Fproduct_tag&post=10997"}],"curies":[{"name":"wp","href":"https:\/\/api.w.org\/{rel}","templated":true}]}}