{"id":10502,"date":"2024-06-19T11:28:51","date_gmt":"2024-06-19T14:28:51","guid":{"rendered":"https:\/\/sage.com.uy\/?post_type=product&#038;p=10502"},"modified":"2024-06-19T11:28:59","modified_gmt":"2024-06-19T14:28:59","slug":"reel-rotativo-orion-plus","status":"publish","type":"product","link":"https:\/\/sage.com.uy\/?product=reel-rotativo-orion-plus","title":{"rendered":"Reel Rotativo Orion Plus"},"content":{"rendered":"<div class=\"x11i5rnm xat24cr x1mh8g0r x1vvkbs xtlvy1s x126k92a\">\n<div dir=\"auto\">El Orion Plus est\u00e1 equipado con Rulemanes 11+1, combinados con una velocidad de recogida ultrarr\u00e1pida de 8.1:1 que ofrece una mayor eficiencia y un rendimiento suave y potente.<\/div>\n<\/div>\n<div class=\"x11i5rnm xat24cr x1mh8g0r x1vvkbs xtlvy1s x126k92a\">\n<div dir=\"auto\">Tiene una alarma de salida de l\u00ednea, lo que facilita la identificaci\u00f3n cuando el pez est\u00e1 tomando la l\u00ednea, sus discos de freno est\u00e1n hechos de fibra de carbono para un arrastre eficiente y fuerte.<\/div>\n<\/div>\n<div class=\"x11i5rnm xat24cr x1mh8g0r x1vvkbs xtlvy1s x126k92a\">\n<div dir=\"auto\">Tren principal en aluminio aeron\u00e1utico (7075) de alta resistencia y liviano, su ajuste de freno tiene 10 puntos de ajuste con un bot\u00f3n f\u00e1cil y pr\u00e1ctico de operar.<\/div>\n<\/div>\n<div class=\"x11i5rnm xat24cr x1mh8g0r x1vvkbs xtlvy1s x126k92a\">\n<div dir=\"auto\">Una de las grandes novedades de este modelo es su tapa lateral con apertura segura, con sistema antica\u00edda que evita la p\u00e9rdida de la tapa, facilita y hace que su mantenimiento sea r\u00e1pido y pr\u00e1ctico.<\/div>\n<\/div>\n<div class=\"x11i5rnm xat24cr x1mh8g0r x1vvkbs xtlvy1s x126k92a\">\n<div dir=\"auto\">Gu\u00eda de salida de l\u00ednea grande y ovalada para lanzamientos m\u00e1s largos y evitar da\u00f1os en la l\u00ednea, el reel de aluminio fundido profundo proporciona una mayor capacidad de l\u00ednea y lanzamientos m\u00e1s largos.<\/div>\n<\/div>\n<div class=\"x11i5rnm xat24cr x1mh8g0r x1vvkbs xtlvy1s x126k92a\">\n<div dir=\"auto\">Empu\u00f1aduras de EVA flat, ligeras y c\u00f3modas.<\/div>\n<div dir=\"auto\">Recuperaci\u00f3n: 8.1:1<\/div>\n<div dir=\"auto\">Capacidad de l\u00ednea: 0,25 mm\/190 m<\/div>\n<div dir=\"auto\">Max Drag: 13 lbs<\/div>\n<\/div>\n","protected":false},"excerpt":{"rendered":"<p>El Orion Plus est\u00e1 equipado con Rulemanes 11+1, combinados con una velocidad de recogida ultrarr\u00e1pida de 8.1:1 que ofrece una mayor eficiencia y un rendimiento suave y potente. Tiene una alarma de salida de l\u00ednea, lo que facilita la identificaci\u00f3n cuando el pez est\u00e1 tomando la l\u00ednea, sus discos de freno est\u00e1n hechos de fibra [&hellip;]<\/p>\n","protected":false},"featured_media":10493,"comment_status":"open","ping_status":"closed","template":"","meta":{"om_disable_all_campaigns":false,"_monsterinsights_skip_tracking":false,"_monsterinsights_sitenote_active":false,"_monsterinsights_sitenote_note":"","_monsterinsights_sitenote_category":0,"_uf_show_specific_survey":0,"_uf_disable_surveys":false,"ocean_post_layout":"","ocean_both_sidebars_style":"","ocean_both_sidebars_content_width":0,"ocean_both_sidebars_sidebars_width":0,"ocean_sidebar":"0","ocean_second_sidebar":"0","ocean_disable_margins":"enable","ocean_add_body_class":"","ocean_shortcode_before_top_bar":"","ocean_shortcode_after_top_bar":"","ocean_shortcode_before_header":"","ocean_shortcode_after_header":"","ocean_has_shortcode":"","ocean_shortcode_after_title":"","ocean_shortcode_before_footer_widgets":"","ocean_shortcode_after_footer_widgets":"","ocean_shortcode_before_footer_bottom":"","ocean_shortcode_after_footer_bottom":"","ocean_display_top_bar":"default","ocean_display_header":"default","ocean_header_style":"","ocean_center_header_left_menu":"0","ocean_custom_header_template":"0","ocean_custom_logo":0,"ocean_custom_retina_logo":0,"ocean_custom_logo_max_width":0,"ocean_custom_logo_tablet_max_width":0,"ocean_custom_logo_mobile_max_width":0,"ocean_custom_logo_max_height":0,"ocean_custom_logo_tablet_max_height":0,"ocean_custom_logo_mobile_max_height":0,"ocean_header_custom_menu":"0","ocean_menu_typo_font_family":"0","ocean_menu_typo_font_subset":"","ocean_menu_typo_font_size":0,"ocean_menu_typo_font_size_tablet":0,"ocean_menu_typo_font_size_mobile":0,"ocean_menu_typo_font_size_unit":"px","ocean_menu_typo_font_weight":"","ocean_menu_typo_font_weight_tablet":"","ocean_menu_typo_font_weight_mobile":"","ocean_menu_typo_transform":"","ocean_menu_typo_transform_tablet":"","ocean_menu_typo_transform_mobile":"","ocean_menu_typo_line_height":0,"ocean_menu_typo_line_height_tablet":0,"ocean_menu_typo_line_height_mobile":0,"ocean_menu_typo_line_height_unit":"","ocean_menu_typo_spacing":0,"ocean_menu_typo_spacing_tablet":0,"ocean_menu_typo_spacing_mobile":0,"ocean_menu_typo_spacing_unit":"","ocean_menu_link_color":"","ocean_menu_link_color_hover":"","ocean_menu_link_color_active":"","ocean_menu_link_background":"","ocean_menu_link_hover_background":"","ocean_menu_link_active_background":"","ocean_menu_social_links_bg":"","ocean_menu_social_hover_links_bg":"","ocean_menu_social_links_color":"","ocean_menu_social_hover_links_color":"","ocean_disable_title":"default","ocean_disable_heading":"default","ocean_post_title":"","ocean_post_subheading":"","ocean_post_title_style":"","ocean_post_title_background_color":"","ocean_post_title_background":0,"ocean_post_title_bg_image_position":"","ocean_post_title_bg_image_attachment":"","ocean_post_title_bg_image_repeat":"","ocean_post_title_bg_image_size":"","ocean_post_title_height":0,"ocean_post_title_bg_overlay":0.5,"ocean_post_title_bg_overlay_color":"","ocean_disable_breadcrumbs":"default","ocean_breadcrumbs_color":"","ocean_breadcrumbs_separator_color":"","ocean_breadcrumbs_links_color":"","ocean_breadcrumbs_links_hover_color":"","ocean_display_footer_widgets":"default","ocean_display_footer_bottom":"default","ocean_custom_footer_template":"0"},"product_brand":[],"product_cat":[28,29],"product_tag":[49,50,229,31,32,33],"class_list":{"0":"post-10502","1":"product","2":"type-product","3":"status-publish","4":"has-post-thumbnail","6":"product_cat-reeles","7":"product_cat-rotativos-sumax","8":"product_tag-baitcasting","9":"product_tag-galleta","10":"product_tag-orion","11":"product_tag-reel","12":"product_tag-rotativo","13":"product_tag-sumax","15":"entry","16":"has-media","18":"first","19":"instock","20":"shipping-taxable","21":"purchasable","22":"product-type-simple","23":"has-product-nav","24":"col","25":"span_1_of_4","26":"owp-content-center","27":"owp-thumbs-layout-horizontal","28":"owp-btn-big","29":"owp-tabs-layout-vertical"},"aioseo_notices":[],"_links":{"self":[{"href":"https:\/\/sage.com.uy\/index.php?rest_route=\/wp\/v2\/product\/10502","targetHints":{"allow":["GET"]}}],"collection":[{"href":"https:\/\/sage.com.uy\/index.php?rest_route=\/wp\/v2\/product"}],"about":[{"href":"https:\/\/sage.com.uy\/index.php?rest_route=\/wp\/v2\/types\/product"}],"replies":[{"embeddable":true,"href":"https:\/\/sage.com.uy\/index.php?rest_route=%2Fwp%2Fv2%2Fcomments&post=10502"}],"wp:featuredmedia":[{"embeddable":true,"href":"https:\/\/sage.com.uy\/index.php?rest_route=\/wp\/v2\/media\/10493"}],"wp:attachment":[{"href":"https:\/\/sage.com.uy\/index.php?rest_route=%2Fwp%2Fv2%2Fmedia&parent=10502"}],"wp:term":[{"taxonomy":"product_brand","embeddable":true,"href":"https:\/\/sage.com.uy\/index.php?rest_route=%2Fwp%2Fv2%2Fproduct_brand&post=10502"},{"taxonomy":"product_cat","embeddable":true,"href":"https:\/\/sage.com.uy\/index.php?rest_route=%2Fwp%2Fv2%2Fproduct_cat&post=10502"},{"taxonomy":"product_tag","embeddable":true,"href":"https:\/\/sage.com.uy\/index.php?rest_route=%2Fwp%2Fv2%2Fproduct_tag&post=10502"}],"curies":[{"name":"wp","href":"https:\/\/api.w.org\/{rel}","templated":true}]}}